{"id":1205,"date":"2024-04-25T16:53:27","date_gmt":"2024-04-25T14:53:27","guid":{"rendered":"https:\/\/frenchyfondant.fr\/?post_type=product&#038;p=1205"},"modified":"2025-06-11T19:15:48","modified_gmt":"2025-06-11T17:15:48","slug":"vanille-orange","status":"publish","type":"product","link":"https:\/\/frenchyfondant.fr\/?product=vanille-orange","title":{"rendered":"VANILLE ORANG\u00c9E"},"content":{"rendered":"<p style=\"text-align: center;\">Fondant de bougie senteur \u00ab\u00a0vanille orang\u00e9e\u00a0\u00bb<\/p>\n<div class=\"description\">\n<div class=\"desc\" style=\"text-align: center;\">Une douce \u00e9vasion gourmande, ce parfum vous transporte dans les ruelles de Aix-en-Provence, o\u00f9 le parfum des calissons est omnipr\u00e9sent. Les notes sucr\u00e9es d&rsquo;amande et d&rsquo;orange s&rsquo;unissent \u00e0 une base de vanille et de miel, cr\u00e9ant une exp\u00e9rience olfactive douce et d\u00e9licieusement r\u00e9confortante.<\/div>\n<\/div>\n<div class=\"rightSide\">\n<div class=\"pyramide\" style=\"text-align: center;\"><\/div>\n<\/div>\n<p style=\"text-align: center;\">100% artisanal &amp; fabriqu\u00e9 en France<\/p>\n<p style=\"text-align: center;\">Parfum sans CMR, ni phtalates &#8211; Origine Grasse<\/p>\n<p style=\"text-align: center;\">Cire de soja 100% naturelle &#8211; Origine: UE (Espagne)<\/p>\n<p style=\"text-align: center;\">Colorant naturel (d&rsquo;origine v\u00e9g\u00e9tale ou min\u00e9rale)<\/p>\n<p style=\"text-align: center;\">20g<\/p>\n","protected":false},"excerpt":{"rendered":"<p style=\"text-align: center;\">Fondant de bougie senteur \u00ab\u00a0vanille orang\u00e9e\u00a0\u00bb<\/p>\n<div class=\"description\">\n<div class=\"desc\" style=\"text-align: center;\">Une douce \u00e9vasion gourmande, ce parfum vous transporte dans les ruelles de Aix-en-Provence, o\u00f9 le parfum des calissons est omnipr\u00e9sent. Les notes sucr\u00e9es d&rsquo;amande et d&rsquo;orange s&rsquo;unissent \u00e0 une base de vanille et de miel, cr\u00e9ant une exp\u00e9rience olfactive douce et d\u00e9licieusement r\u00e9confortante.<\/div>\n<\/div>\n","protected":false},"featured_media":1420,"comment_status":"open","ping_status":"closed","template":"","meta":{"om_disable_all_campaigns":false,"_monsterinsights_skip_tracking":false,"_monsterinsights_sitenote_active":false,"_monsterinsights_sitenote_note":"","_monsterinsights_sitenote_category":0},"product_cat":[38,37],"product_tag":[],"aioseo_notices":[],"jetpack_sharing_enabled":true,"_links":{"self":[{"href":"https:\/\/frenchyfondant.fr\/index.php?rest_route=\/wp\/v2\/product\/1205"}],"collection":[{"href":"https:\/\/frenchyfondant.fr\/index.php?rest_route=\/wp\/v2\/product"}],"about":[{"href":"https:\/\/frenchyfondant.fr\/index.php?rest_route=\/wp\/v2\/types\/product"}],"replies":[{"embeddable":true,"href":"https:\/\/frenchyfondant.fr\/index.php?rest_route=%2Fwp%2Fv2%2Fcomments&post=1205"}],"wp:featuredmedia":[{"embeddable":true,"href":"https:\/\/frenchyfondant.fr\/index.php?rest_route=\/wp\/v2\/media\/1420"}],"wp:attachment":[{"href":"https:\/\/frenchyfondant.fr\/index.php?rest_route=%2Fwp%2Fv2%2Fmedia&parent=1205"}],"wp:term":[{"taxonomy":"product_cat","embeddable":true,"href":"https:\/\/frenchyfondant.fr\/index.php?rest_route=%2Fwp%2Fv2%2Fproduct_cat&post=1205"},{"taxonomy":"product_tag","embeddable":true,"href":"https:\/\/frenchyfondant.fr\/index.php?rest_route=%2Fwp%2Fv2%2Fproduct_tag&post=1205"}],"curies":[{"name":"wp","href":"https:\/\/api.w.org\/{rel}","templated":true}]}}