{"id":1202,"date":"2024-04-25T16:48:29","date_gmt":"2024-04-25T14:48:29","guid":{"rendered":"https:\/\/frenchyfondant.fr\/?post_type=product&#038;p=1202"},"modified":"2025-02-01T01:01:01","modified_gmt":"2025-02-01T00:01:01","slug":"frangipanier","status":"publish","type":"product","link":"https:\/\/frenchyfondant.fr\/?product=frangipanier","title":{"rendered":"FRANGIPANIER"},"content":{"rendered":"<p style=\"text-align: center;\">Fondant de bougie senteur \u00ab\u00a0frangipanier\u00a0\u00bb<\/p>\n<div class=\"description\">\n<div class=\"desc\" style=\"text-align: center;\">Un hymne \u00e0 la douceur et \u00e0 la volupt\u00e9, o\u00f9 les notes florales du frangipanier s&rsquo;allient \u00e0 la vanille r\u00e9confortante et \u00e0 la fleur d&rsquo;oranger radieuse, offrant un voyage olfactif \u00e0 la fois d\u00e9licat et vibrant.<\/div>\n<\/div>\n<div class=\"rightSide\">\n<div class=\"pyramide\" style=\"text-align: center;\"><\/div>\n<\/div>\n<p style=\"text-align: center;\">100% artisanal &amp; fabriqu\u00e9 en France<\/p>\n<p style=\"text-align: center;\">Parfum sans CMR, ni phtalates &#8211; Origine Grasse<\/p>\n<p style=\"text-align: center;\">Cire de soja 100% naturelle &#8211; Origine: UE (Espagne)<\/p>\n<p style=\"text-align: center;\">Colorant naturel (d&rsquo;origine v\u00e9g\u00e9tale ou min\u00e9rale)<\/p>\n<p style=\"text-align: center;\">20g<\/p>\n","protected":false},"excerpt":{"rendered":"<p style=\"text-align: center;\">Fondant de bougie senteur \u00ab\u00a0frangipanier\u00a0\u00bb<\/p>\n<div class=\"description\">\n<div class=\"desc\" style=\"text-align: center;\">Un hymne \u00e0 la douceur et \u00e0 la volupt\u00e9, o\u00f9 les notes florales du frangipanier s&rsquo;allient \u00e0 la vanille r\u00e9confortante et \u00e0 la fleur d&rsquo;oranger radieuse, offrant un voyage olfactif \u00e0 la fois d\u00e9licat et vibrant.<\/div>\n<\/div>\n","protected":false},"featured_media":1316,"comment_status":"open","ping_status":"closed","template":"","meta":{"om_disable_all_campaigns":false,"_monsterinsights_skip_tracking":false,"_monsterinsights_sitenote_active":false,"_monsterinsights_sitenote_note":"","_monsterinsights_sitenote_category":0},"product_cat":[38,40],"product_tag":[],"aioseo_notices":[],"jetpack_sharing_enabled":true,"_links":{"self":[{"href":"https:\/\/frenchyfondant.fr\/index.php?rest_route=\/wp\/v2\/product\/1202"}],"collection":[{"href":"https:\/\/frenchyfondant.fr\/index.php?rest_route=\/wp\/v2\/product"}],"about":[{"href":"https:\/\/frenchyfondant.fr\/index.php?rest_route=\/wp\/v2\/types\/product"}],"replies":[{"embeddable":true,"href":"https:\/\/frenchyfondant.fr\/index.php?rest_route=%2Fwp%2Fv2%2Fcomments&post=1202"}],"wp:featuredmedia":[{"embeddable":true,"href":"https:\/\/frenchyfondant.fr\/index.php?rest_route=\/wp\/v2\/media\/1316"}],"wp:attachment":[{"href":"https:\/\/frenchyfondant.fr\/index.php?rest_route=%2Fwp%2Fv2%2Fmedia&parent=1202"}],"wp:term":[{"taxonomy":"product_cat","embeddable":true,"href":"https:\/\/frenchyfondant.fr\/index.php?rest_route=%2Fwp%2Fv2%2Fproduct_cat&post=1202"},{"taxonomy":"product_tag","embeddable":true,"href":"https:\/\/frenchyfondant.fr\/index.php?rest_route=%2Fwp%2Fv2%2Fproduct_tag&post=1202"}],"curies":[{"name":"wp","href":"https:\/\/api.w.org\/{rel}","templated":true}]}}