{"id":1191,"date":"2024-04-25T16:34:42","date_gmt":"2024-04-25T14:34:42","guid":{"rendered":"https:\/\/frenchyfondant.fr\/?post_type=product&#038;p=1191"},"modified":"2024-11-01T18:16:35","modified_gmt":"2024-11-01T17:16:35","slug":"smarties","status":"publish","type":"product","link":"https:\/\/frenchyfondant.fr\/?product=smarties","title":{"rendered":"SMARTIES (Chocolat-Noisette)"},"content":{"rendered":"<p style=\"text-align: center;\">Fondant de bougie senteur \u00ab\u00a0smarties\u00a0\u00bb<\/p>\n<p style=\"text-align: center;\">Vendus par trois, multicolores, ces fondants de bougie parfum\u00e9s au chocolat vous garantiront un retour en enfance! Un vrai r\u00e9gal pour les sens, cette fragrance gourmande rappelle le plaisir indulgent d&rsquo;un chocolat aux noisettes cr\u00e9meux. Les notes de t\u00eate de noix de coco et de caramel m\u00e8nent \u00e0 un c\u0153ur riche de chocolat et de noisette, soutenu par une base sucr\u00e9e de vanille et de miel, pour une exp\u00e9rience olfactive v\u00e9ritablement d\u00e9licieuse.<\/p>\n<p style=\"text-align: center;\">100% artisanal &amp; fabriqu\u00e9 en France<\/p>\n<p style=\"text-align: center;\">Parfum sans CMR, ni phtalates &#8211; Origine Grasse<\/p>\n<p style=\"text-align: center;\">Cire de soja 100% naturelle &#8211; Origine: UE (Espagne)<\/p>\n<p style=\"text-align: center;\">Colorant naturel (d&rsquo;origine v\u00e9g\u00e9tale ou min\u00e9rale)<\/p>\n<p style=\"text-align: center;\">20g<\/p>\n","protected":false},"excerpt":{"rendered":"<p style=\"text-align: center;\">Fondant de bougie senteur \u00ab\u00a0smarties\u00a0\u00bb<\/p>\n<p style=\"text-align: center;\">Vendus par trois, multicolores, ces fondants de bougie parfum\u00e9s au chocolat vous garantiront un retour en enfance! Un vrai r\u00e9gal pour les sens, cette fragrance gourmande rappelle le plaisir indulgent d&rsquo;un chocolat aux noisettes cr\u00e9meux. Les notes de t\u00eate de noix de coco et de caramel m\u00e8nent \u00e0 un c\u0153ur riche de chocolat et de noisette, soutenu par une base sucr\u00e9e de vanille et de miel, pour une exp\u00e9rience olfactive v\u00e9ritablement d\u00e9licieuse.<\/p>\n","protected":false},"featured_media":1227,"comment_status":"open","ping_status":"closed","template":"","meta":{"om_disable_all_campaigns":false,"_monsterinsights_skip_tracking":false,"_monsterinsights_sitenote_active":false,"_monsterinsights_sitenote_note":"","_monsterinsights_sitenote_category":0},"product_cat":[38,37],"product_tag":[],"aioseo_notices":[],"jetpack_sharing_enabled":true,"_links":{"self":[{"href":"https:\/\/frenchyfondant.fr\/index.php?rest_route=\/wp\/v2\/product\/1191"}],"collection":[{"href":"https:\/\/frenchyfondant.fr\/index.php?rest_route=\/wp\/v2\/product"}],"about":[{"href":"https:\/\/frenchyfondant.fr\/index.php?rest_route=\/wp\/v2\/types\/product"}],"replies":[{"embeddable":true,"href":"https:\/\/frenchyfondant.fr\/index.php?rest_route=%2Fwp%2Fv2%2Fcomments&post=1191"}],"wp:featuredmedia":[{"embeddable":true,"href":"https:\/\/frenchyfondant.fr\/index.php?rest_route=\/wp\/v2\/media\/1227"}],"wp:attachment":[{"href":"https:\/\/frenchyfondant.fr\/index.php?rest_route=%2Fwp%2Fv2%2Fmedia&parent=1191"}],"wp:term":[{"taxonomy":"product_cat","embeddable":true,"href":"https:\/\/frenchyfondant.fr\/index.php?rest_route=%2Fwp%2Fv2%2Fproduct_cat&post=1191"},{"taxonomy":"product_tag","embeddable":true,"href":"https:\/\/frenchyfondant.fr\/index.php?rest_route=%2Fwp%2Fv2%2Fproduct_tag&post=1191"}],"curies":[{"name":"wp","href":"https:\/\/api.w.org\/{rel}","templated":true}]}}