{"id":1190,"date":"2024-04-25T16:23:35","date_gmt":"2024-04-25T14:23:35","guid":{"rendered":"https:\/\/frenchyfondant.fr\/?post_type=product&#038;p=1190"},"modified":"2025-02-01T01:01:01","modified_gmt":"2025-02-01T00:01:01","slug":"cannelle","status":"publish","type":"product","link":"https:\/\/frenchyfondant.fr\/?product=cannelle","title":{"rendered":"CANNELLE"},"content":{"rendered":"<p style=\"text-align: center;\">Fondant de bougie senteur \u00ab\u00a0cannelle\u00a0\u00bb<\/p>\n<p style=\"text-align: center;\">Un hommage vibrant \u00e0 la cannelle \u00e9pic\u00e9e, ce parfum \u00e9veille les sens avec ses notes chaleureuses et sucr\u00e9es. La r\u00e9glisse et les accords fruit\u00e9s en t\u00eate offrent une introduction vive, avant de laisser place \u00e0 une cannelle ardente, adoucie par une base de vanille et de f\u00e8ve tonka.<\/p>\n<p style=\"text-align: center;\">100% artisanal &amp; fabriqu\u00e9 en France<\/p>\n<p style=\"text-align: center;\">Parfum sans CMR, ni phtalates &#8211; Origine Grasse<\/p>\n<p style=\"text-align: center;\">Cire de soja 100% naturelle &#8211; Origine: UE (Espagne)<\/p>\n<p style=\"text-align: center;\">Colorant naturel (d&rsquo;origine v\u00e9g\u00e9tale ou min\u00e9rale)<\/p>\n<p style=\"text-align: center;\">20g<\/p>\n","protected":false},"excerpt":{"rendered":"<p style=\"text-align: center;\">Fondant de bougie senteur \u00ab\u00a0cannelle\u00a0\u00bb<\/p>\n<p style=\"text-align: center;\">Un hommage vibrant \u00e0 la cannelle \u00e9pic\u00e9e, ce parfum \u00e9veille les sens avec ses notes chaleureuses et sucr\u00e9es. La r\u00e9glisse et les accords fruit\u00e9s en t\u00eate offrent une introduction vive, avant de laisser place \u00e0 une cannelle ardente, adoucie par une base de vanille et de f\u00e8ve tonka.<\/p>\n<p>&nbsp;<\/p>\n","protected":false},"featured_media":1335,"comment_status":"open","ping_status":"closed","template":"","meta":{"om_disable_all_campaigns":false,"_monsterinsights_skip_tracking":false,"_monsterinsights_sitenote_active":false,"_monsterinsights_sitenote_note":"","_monsterinsights_sitenote_category":0},"product_cat":[38,41,37],"product_tag":[],"aioseo_notices":[],"jetpack_sharing_enabled":true,"_links":{"self":[{"href":"https:\/\/frenchyfondant.fr\/index.php?rest_route=\/wp\/v2\/product\/1190"}],"collection":[{"href":"https:\/\/frenchyfondant.fr\/index.php?rest_route=\/wp\/v2\/product"}],"about":[{"href":"https:\/\/frenchyfondant.fr\/index.php?rest_route=\/wp\/v2\/types\/product"}],"replies":[{"embeddable":true,"href":"https:\/\/frenchyfondant.fr\/index.php?rest_route=%2Fwp%2Fv2%2Fcomments&post=1190"}],"wp:featuredmedia":[{"embeddable":true,"href":"https:\/\/frenchyfondant.fr\/index.php?rest_route=\/wp\/v2\/media\/1335"}],"wp:attachment":[{"href":"https:\/\/frenchyfondant.fr\/index.php?rest_route=%2Fwp%2Fv2%2Fmedia&parent=1190"}],"wp:term":[{"taxonomy":"product_cat","embeddable":true,"href":"https:\/\/frenchyfondant.fr\/index.php?rest_route=%2Fwp%2Fv2%2Fproduct_cat&post=1190"},{"taxonomy":"product_tag","embeddable":true,"href":"https:\/\/frenchyfondant.fr\/index.php?rest_route=%2Fwp%2Fv2%2Fproduct_tag&post=1190"}],"curies":[{"name":"wp","href":"https:\/\/api.w.org\/{rel}","templated":true}]}}