{"id":1189,"date":"2024-04-25T16:18:09","date_gmt":"2024-04-25T14:18:09","guid":{"rendered":"https:\/\/frenchyfondant.fr\/?post_type=product&#038;p=1189"},"modified":"2024-11-01T18:17:09","modified_gmt":"2024-11-01T17:17:09","slug":"cafe","status":"publish","type":"product","link":"https:\/\/frenchyfondant.fr\/?product=cafe","title":{"rendered":"CAF\u00c9"},"content":{"rendered":"<p style=\"text-align: center;\">Fondant de bougie senteur \u00ab\u00a0Caf\u00e9\u00a0\u00bb<\/p>\n<p style=\"text-align: center;\">Un \u00e9veil sensoriel imm\u00e9diat avec cette fragrance riche et robuste qui nous plonge dans un caf\u00e9 authentique. Les accords de r\u00e9glisse initiaux laissent place \u00e0 une harmonie parfaite entre le caf\u00e9 intense et la vanille, avec une touche finale de caramel qui \u00e9voque une boisson gourmande et r\u00e9confortante.<\/p>\n<p style=\"text-align: center;\">100% artisanal &amp; fabriqu\u00e9 en France<\/p>\n<p style=\"text-align: center;\">Parfum sans CMR, ni phtalates &#8211; Origine Grasse<\/p>\n<p style=\"text-align: center;\">Cire de soja 100% naturelle &#8211; Origine: UE (Espagne)<\/p>\n<p style=\"text-align: center;\">Colorant naturel (d&rsquo;origine v\u00e9g\u00e9tale ou min\u00e9rale)<\/p>\n<p style=\"text-align: center;\">20g<\/p>\n","protected":false},"excerpt":{"rendered":"<p style=\"text-align: center;\">Fondant de bougie senteur \u00ab\u00a0Caf\u00e9\u00a0\u00bb<\/p>\n<p style=\"text-align: center;\">Un \u00e9veil sensoriel imm\u00e9diat avec cette fragrance riche et robuste qui nous plonge dans un caf\u00e9 authentique. Les accords de r\u00e9glisse initiaux laissent place \u00e0 une harmonie parfaite entre le caf\u00e9 intense et la vanille, avec une touche finale de caramel qui \u00e9voque une boisson gourmande et r\u00e9confortante.<\/p>\n<p style=\"text-align: center;\">\n","protected":false},"featured_media":1228,"comment_status":"open","ping_status":"closed","template":"","meta":{"om_disable_all_campaigns":false,"_monsterinsights_skip_tracking":false,"_monsterinsights_sitenote_active":false,"_monsterinsights_sitenote_note":"","_monsterinsights_sitenote_category":0},"product_cat":[38,37],"product_tag":[],"aioseo_notices":[],"jetpack_sharing_enabled":true,"_links":{"self":[{"href":"https:\/\/frenchyfondant.fr\/index.php?rest_route=\/wp\/v2\/product\/1189"}],"collection":[{"href":"https:\/\/frenchyfondant.fr\/index.php?rest_route=\/wp\/v2\/product"}],"about":[{"href":"https:\/\/frenchyfondant.fr\/index.php?rest_route=\/wp\/v2\/types\/product"}],"replies":[{"embeddable":true,"href":"https:\/\/frenchyfondant.fr\/index.php?rest_route=%2Fwp%2Fv2%2Fcomments&post=1189"}],"wp:featuredmedia":[{"embeddable":true,"href":"https:\/\/frenchyfondant.fr\/index.php?rest_route=\/wp\/v2\/media\/1228"}],"wp:attachment":[{"href":"https:\/\/frenchyfondant.fr\/index.php?rest_route=%2Fwp%2Fv2%2Fmedia&parent=1189"}],"wp:term":[{"taxonomy":"product_cat","embeddable":true,"href":"https:\/\/frenchyfondant.fr\/index.php?rest_route=%2Fwp%2Fv2%2Fproduct_cat&post=1189"},{"taxonomy":"product_tag","embeddable":true,"href":"https:\/\/frenchyfondant.fr\/index.php?rest_route=%2Fwp%2Fv2%2Fproduct_tag&post=1189"}],"curies":[{"name":"wp","href":"https:\/\/api.w.org\/{rel}","templated":true}]}}