{"id":1186,"date":"2024-04-25T15:56:37","date_gmt":"2024-04-25T13:56:37","guid":{"rendered":"https:\/\/frenchyfondant.fr\/?post_type=product&#038;p=1186"},"modified":"2025-02-01T01:01:01","modified_gmt":"2025-02-01T00:01:01","slug":"vanille-des-iles-feuilles-de-tabac","status":"publish","type":"product","link":"https:\/\/frenchyfondant.fr\/?product=vanille-des-iles-feuilles-de-tabac","title":{"rendered":"VANILLE DES ILES- FEUILLES DE TABAC"},"content":{"rendered":"<p style=\"text-align: center;\">Fondant de bougie senteur \u00ab\u00a0Vanille des \u00eeles- Feuilles de Tabac\u00a0\u00bb<\/p>\n<p style=\"text-align: center;\">Embarquez pour un voyage sensoriel avec \u00ab\u00a0Vanille des \u00celes &#8211; feuille de tabac\u00a0\u00bb. D\u00e8s l&rsquo;ouverture, un accord fruit\u00e9 rencontre le lait de vanille et l&rsquo;h\u00e9liotrope, \u00e9voquant les douces brises des tropiques. Le c\u0153ur r\u00e9v\u00e8le une vanille somptueuse, accentu\u00e9e par des notes de caramel et de noix de coco. La base de cette fragrance, faite d&rsquo;ambre, de musc et de nuances sucr\u00e9es, vous laisse sur une \u00eele paradisiaque de sensations douces et caressantes. Association feutr\u00e9e o\u00f9 le tabac est subtil, ce parfum m\u00eale la chaleur de la vanille des iles, la cannelle et l&rsquo;anis \u00e0 un c\u0153ur de tabac et de miel, avant de s&rsquo;adoucir dans une base voluptueuse de vanille et de f\u00e8ve tonka.<\/p>\n<p style=\"text-align: center;\">100% artisanal &amp; fabriqu\u00e9 en France<\/p>\n<p style=\"text-align: center;\">Parfum sans CMR, ni phtalates &#8211; Origine Grasse<\/p>\n<p style=\"text-align: center;\">Cire de soja 100% naturelle &#8211; Origine: UE (Espagne)<\/p>\n<p style=\"text-align: center;\">Colorant naturel (d&rsquo;origine v\u00e9g\u00e9tale ou min\u00e9rale)<\/p>\n<p style=\"text-align: center;\">20g<\/p>\n","protected":false},"excerpt":{"rendered":"<p style=\"text-align: center;\">Fondant de bougie senteur \u00ab\u00a0Vanille des \u00eeles- Feuilles de Tabac\u00a0\u00bb<\/p>\n<p style=\"text-align: center;\">Embarquez pour un voyage sensoriel avec \u00ab\u00a0Vanille des \u00celes &#8211; feuille de tabac\u00a0\u00bb. D\u00e8s l&rsquo;ouverture, un accord fruit\u00e9 rencontre le lait de vanille et l&rsquo;h\u00e9liotrope, \u00e9voquant les douces brises des tropiques. Le c\u0153ur r\u00e9v\u00e8le une vanille somptueuse, accentu\u00e9e par des notes de caramel et de noix de coco. La base de cette fragrance, faite d&rsquo;ambre, de musc et de nuances sucr\u00e9es, vous laisse sur une \u00eele paradisiaque de sensations douces et caressantes. Association feutr\u00e9e o\u00f9 le tabac est subtil, ce parfum m\u00eale la chaleur de la vanille des iles, la cannelle et l&rsquo;anis \u00e0 un c\u0153ur de tabac et de miel, avant de s&rsquo;adoucir dans une base voluptueuse de vanille et de f\u00e8ve tonka.<\/p>\n<p>&nbsp;<\/p>\n","protected":false},"featured_media":1188,"comment_status":"open","ping_status":"closed","template":"","meta":{"om_disable_all_campaigns":false,"_monsterinsights_skip_tracking":false,"_monsterinsights_sitenote_active":false,"_monsterinsights_sitenote_note":"","_monsterinsights_sitenote_category":0},"product_cat":[38,40],"product_tag":[],"aioseo_notices":[],"jetpack_sharing_enabled":true,"_links":{"self":[{"href":"https:\/\/frenchyfondant.fr\/index.php?rest_route=\/wp\/v2\/product\/1186"}],"collection":[{"href":"https:\/\/frenchyfondant.fr\/index.php?rest_route=\/wp\/v2\/product"}],"about":[{"href":"https:\/\/frenchyfondant.fr\/index.php?rest_route=\/wp\/v2\/types\/product"}],"replies":[{"embeddable":true,"href":"https:\/\/frenchyfondant.fr\/index.php?rest_route=%2Fwp%2Fv2%2Fcomments&post=1186"}],"wp:featuredmedia":[{"embeddable":true,"href":"https:\/\/frenchyfondant.fr\/index.php?rest_route=\/wp\/v2\/media\/1188"}],"wp:attachment":[{"href":"https:\/\/frenchyfondant.fr\/index.php?rest_route=%2Fwp%2Fv2%2Fmedia&parent=1186"}],"wp:term":[{"taxonomy":"product_cat","embeddable":true,"href":"https:\/\/frenchyfondant.fr\/index.php?rest_route=%2Fwp%2Fv2%2Fproduct_cat&post=1186"},{"taxonomy":"product_tag","embeddable":true,"href":"https:\/\/frenchyfondant.fr\/index.php?rest_route=%2Fwp%2Fv2%2Fproduct_tag&post=1186"}],"curies":[{"name":"wp","href":"https:\/\/api.w.org\/{rel}","templated":true}]}}