{"id":3,"date":"2024-04-02T11:58:50","date_gmt":"2024-04-02T09:58:50","guid":{"rendered":"http:\/\/frenchyfondant.fr\/?page_id=3"},"modified":"2024-04-23T16:07:45","modified_gmt":"2024-04-23T14:07:45","slug":"politique-de-confidentialite","status":"publish","type":"page","link":"https:\/\/frenchyfondant.fr\/?page_id=3","title":{"rendered":"Politique de confidentialit\u00e9"},"content":{"rendered":"<h2 class=\"wp-block-heading\">Qui sommes-nous&nbsp;?<\/h2><p>L\u2019adresse de notre site est\u00a0: https:\/\/frenchyfondant.fr.<\/p><h1 class=\"wp-block-heading\">Politiques de confidentialit\u00e9<\/h1><blockquote class=\"wp-block-quote is-layout-flow wp-block-quote-is-layout-flow\"><p>En vigueur au 16 mars 2022<\/p><\/blockquote><h4 class=\"wp-block-heading\"><strong>Le but&nbsp;de ces politiques de confidentialit\u00e9<\/strong><\/h4><p>Nous vous invitons \u00e0 lire nos politiques de confidentialit\u00e9 attentivement. N&rsquo;h\u00e9sitez pas \u00e0 nous contacter si des questions subsistent.<\/p><p>Le but de ces politiques de confidentialit\u00e9 est d&rsquo;informer les utilisateurs de notre site des donn\u00e9es personnelles que nous recueillerons ainsi que les informations suivantes, le cas \u00e9ch\u00e9ant:<\/p><ul><li>Les donn\u00e9es personnelles que nous recueillerons<\/li>\n\n<li>L&rsquo;utilisation des donn\u00e9es recueillies<\/li>\n\n<li>Qui a acc\u00e8s aux donn\u00e9es recueillies<\/li>\n\n<li>Les droits des utilisateurs du site<\/li>\n\n<li>La politique de cookies du site<\/li><\/ul><p>Ces politiques de confidentialit\u00e9 fonctionnent parall\u00e8lement aux conditions g\u00e9n\u00e9rales de ventes et d&rsquo;utilisation de notre site.<\/p><h4 class=\"wp-block-heading\"><strong>Lois applicables<\/strong><\/h4><p>Conform\u00e9ment au R\u00e8glement g\u00e9n\u00e9ral sur la protection des donn\u00e9es (RGPD), ces politiques de confidentialit\u00e9 sont conformes aux r\u00e8glements suivants.<\/p><p>Les donn\u00e9es \u00e0 caract\u00e8re personnel doivent \u00eatre:<\/p><ul><li>trait\u00e9es de mani\u00e8re licite, loyale et transparente au regard de la personne concern\u00e9e (lic\u00e9it\u00e9, loyaut\u00e9, transparence);<\/li>\n\n<li>collect\u00e9es pour des finalit\u00e9s d\u00e9termin\u00e9es, explicites et l\u00e9gitimes, et ne pas \u00eatre trait\u00e9es ult\u00e9rieurement d&rsquo;une mani\u00e8re incompatible avec ces finalit\u00e9s; le traitement ult\u00e9rieur \u00e0 des fins archivistiques dans l&rsquo;int\u00e9r\u00eat public, \u00e0 des fins de recherche scientifique ou historique ou \u00e0 des fins statistiques n&rsquo;est pas consid\u00e9r\u00e9, conform\u00e9ment \u00e0 l&rsquo;article 89, paragraphe 1, comme incompatible avec les finalit\u00e9s initiales (limitation des finalit\u00e9s);<\/li>\n\n<li>ad\u00e9quates, pertinentes et limit\u00e9es \u00e0 ce qui est n\u00e9cessaire au regard des finalit\u00e9s pour lesquelles elles sont trait\u00e9es (minimisation des donn\u00e9es);<\/li>\n\n<li>exactes et, si n\u00e9cessaire, tenues \u00e0 jour; toutes les mesures raisonnables doivent \u00eatre prises pour que les donn\u00e9es \u00e0 caract\u00e8re personnel qui sont inexactes, eu \u00e9gard aux finalit\u00e9s pour lesquelles elles sont trait\u00e9es, soient effac\u00e9es ou rectifi\u00e9es sans tarder (exactitude);<\/li>\n\n<li>conserv\u00e9es sous une forme permettant l&rsquo;identification des personnes concern\u00e9es pendant une dur\u00e9e n&rsquo;exc\u00e9dant pas celle n\u00e9cessaire au regard des finalit\u00e9s pour lesquelles elles sont trait\u00e9es; les donn\u00e9es \u00e0 caract\u00e8re personnel peuvent \u00eatre conserv\u00e9es pour des dur\u00e9es plus longues dans la mesure o\u00f9 elles seront trait\u00e9es exclusivement \u00e0 des fins archivistiques dans l&rsquo;int\u00e9r\u00eat public, \u00e0 des fins de recherche scientifique ou historique ou \u00e0 des fins statistiques conform\u00e9ment \u00e0 l&rsquo;article 89, paragraphe 1, pour autant que soient mises en \u0153uvre les mesures techniques et organisationnelles appropri\u00e9es requises par le r\u00e8glement afin de garantir les droits des libert\u00e9s de la personne concern\u00e9e ( limitation de la conservation);<\/li>\n\n<li>trait\u00e9es de fa\u00e7on \u00e0 garantir une s\u00e9curit\u00e9 appropri\u00e9e des donn\u00e9es \u00e0 caract\u00e8re personnel, y compris la protection contre le traitement non autoris\u00e9 ou illicite et contre la perte, la destruction ou les d\u00e9g\u00e2ts d&rsquo;origine accidentelle, \u00e0 l&rsquo;aide de mesures techniques ou organisationnelles appropri\u00e9es (int\u00e9grit\u00e9 et confidentialit\u00e9).<\/li><\/ul><p>Le traitement n&rsquo;est licite que si, et dans la mesure o\u00f9, au moins une des conditions suivantes est remplie:<\/p><ul><li>la personne concern\u00e9e a consenti au traitement de ses donn\u00e9es \u00e0 caract\u00e8re personnel pour une ou plusieurs finalit\u00e9s sp\u00e9cifiques;<\/li>\n\n<li>le traitement est n\u00e9cessaire \u00e0 l&rsquo;ex\u00e9cution d&rsquo;un contrat auquel la personne concern\u00e9e est partie ou \u00e0 l&rsquo;ex\u00e9cution de mesures pr\u00e9contractuelles prises \u00e0 la demande de celle-ci;<\/li>\n\n<li>le traitement est n\u00e9cessaire au respect d&rsquo;une obligation l\u00e9gale \u00e0 laquelle le responsable du traitement est soumis;<\/li>\n\n<li>le traitement est n\u00e9cessaire \u00e0 la sauvegarde des int\u00e9r\u00eats vitaux de la personne concern\u00e9e ou d&rsquo;une autre personne physique;<\/li>\n\n<li>le traitement est n\u00e9cessaire \u00e0 l&rsquo;ex\u00e9cution d&rsquo;une mission d&rsquo;int\u00e9r\u00eat public ou relevant de l&rsquo;exercice de l&rsquo;autorit\u00e9 publique dont est investi le responsable du traitement;<\/li>\n\n<li>le traitement est n\u00e9cessaire aux fins des int\u00e9r\u00eats l\u00e9gitimes poursuivis par le responsable du traitement ou par un tiers, \u00e0 moins que ne pr\u00e9valent les int\u00e9r\u00eats ou les libert\u00e9s et droits fondamentaux de la personne concern\u00e9e qui exigent une protection des donn\u00e9es \u00e0 caract\u00e8re personnel, notamment lorsque la personne concern\u00e9e est un enfant.<\/li><\/ul><p><strong>Consentement<\/strong><\/p><p>Les utilisateurs conviennent qu&rsquo;en utilisant notre site, ils consentent :<\/p><ul><li>aux&nbsp;conditions \u00e9nonc\u00e9es dans les pr\u00e9sentes politiques de confidentialit\u00e9 et<\/li>\n\n<li>\u00e0 la collecte, l&rsquo;utilisation et la conservation des donn\u00e9es \u00e9num\u00e9r\u00e9es dans les pr\u00e9sentes politiques.<\/li><\/ul><h4 class=\"wp-block-heading\"><strong>Donn\u00e9es personnelles que nous collectons<\/strong><\/h4><p><strong>Donn\u00e9es collect\u00e9es automatiquement<\/strong><\/p><p>Lorsque vous visitez et utilisez notre site, nous pouvons automatiquement recueillir et conserver les renseignements suivants:<\/p><ul><li>Adresse IP<\/li>\n\n<li>Lieu<\/li>\n\n<li>D\u00e9tails mat\u00e9riels et logiciels<\/li>\n\n<li>Liens que l&rsquo;utilisateur clique tout en utilisant&nbsp;notre site<\/li>\n\n<li>Contenu que l&rsquo;utilisateur consulte sur notre site<\/li><\/ul><p><strong>Donn\u00e9es recueillies de fa\u00e7on non automatique<\/strong><\/p><p>Nous pouvons \u00e9galement collecter les donn\u00e9es suivantes lorsque vous effectuez certaines fonctions sur notre site:<\/p><ul><li>Pr\u00e9nom et nom<\/li>\n\n<li>Date de naissance<\/li>\n\n<li>Email<\/li>\n\n<li>Domicile<\/li>\n\n<li>Information de paiement<\/li>\n\n<li>Donn\u00e9es de remplissage automatique<\/li><\/ul><p>Ces donn\u00e9es peuvent \u00eatre recueillies au moyen des m\u00e9thodes suivantes:<\/p><p>Cr\u00e9ation d&rsquo;un compte client<\/p><p>Abonnement \u00e0 la newsletter<\/p><p>Veuillez noter que nous ne collectons que les donn\u00e9es qui nous aident \u00e0 atteindre l&rsquo;objectif \u00e9nonc\u00e9 dans ces politiques de confidentialit\u00e9. Nous ne recueillerons pas de donn\u00e9es suppl\u00e9mentaires sans vous en informer au pr\u00e9alable.<\/p><h4 class=\"wp-block-heading\"><strong>Comment nous utilisons les donn\u00e9es personnelles<\/strong><\/h4><p>Les donn\u00e9es personnelles recueillies sur notre site seront utilis\u00e9es uniquement aux fins pr\u00e9cis\u00e9es dans les pr\u00e9sentes politiques ou indiqu\u00e9es sur les pages pertinentes de notre site. Nous n&rsquo;utiliserons pas vos donn\u00e9es au-del\u00e0 de ce que nous divulguerons.<\/p><p>Les donn\u00e9es que nous recueillons automatiquement sont utilis\u00e9es aux fins suivantes:<\/p><ul><li>Statistiques<\/li><\/ul><p>Les donn\u00e9es que nous recueillons lorsque l&rsquo;utilisateur ex\u00e9cute certaines fonctions peuvent \u00eatre utilis\u00e9es aux fins suivantes:<\/p><ul><li>Communication<\/li><\/ul><h4 class=\"wp-block-heading\"><strong>Avec qui nous partageons les donn\u00e9es personnelles<\/strong><\/h4><p><strong>Employ\u00e9s<\/strong><\/p><p>Nous pouvons divulguer \u00e0 tout membre de notre organisation les donn\u00e9es utilisateur dont il a raisonnablement besoin pour r\u00e9aliser les objectifs \u00e9nonc\u00e9s dans les pr\u00e9sentes politiques.<\/p><p><strong>Tierces parties<\/strong><\/p><p>Nous pouvons partager les donn\u00e9es utilisateur avec les tiers suivants:<\/p><ul><li>Prestataires de transports<\/li>\n\n<li>\u00c9tablissements de paiement<\/li>\n\n<li>Shopify et ses applications<\/li><\/ul><p>Nous pouvons \u00e9galement partager les donn\u00e9es utilisateur avec des tiers aux fins suivantes:<\/p><ul><li>Informations de livraisons<\/li>\n\n<li>Informations de paiements<\/li>\n\n<li>Liens cliqu\u00e9s lors de l&rsquo;utilisation du site<\/li><\/ul><p>Les tiers ne seront pas en mesure d&rsquo;acc\u00e9der aux donn\u00e9es des utilisateurs au-del\u00e0 de ce qui est raisonnablement n\u00e9cessaire pour atteindre l&rsquo;objectif donn\u00e9.<\/p><h4 class=\"wp-block-heading\"><strong>Autres divulgations<\/strong><\/h4><p>Nous nous engageons \u00e0 ne pas vendre ou partager vos donn\u00e9es avec d&rsquo;autres tiers, sauf dans les cas suivants:<\/p><ul><li>Si la loi l&rsquo;exige<\/li>\n\n<li>Si elle est requise pour toute proc\u00e9dure judiciaire<\/li>\n\n<li>Pour prouver ou prot\u00e9ger nos droits l\u00e9gaux<\/li>\n\n<li>\u00c0 des acheteurs ou des acheteurs potentiels de cette soci\u00e9t\u00e9 dans le cas o\u00f9 nous cherchons \u00e0 vendre la soci\u00e9t\u00e9<\/li><\/ul><p>Si vous suivez des hyperliens de notre site vers un autre site, veuillez noter que nous ne sommes pas responsables et n&rsquo;avons pas le contr\u00f4le sur leurs politiques et pratiques de confidentialit\u00e9.<\/p><h4 class=\"wp-block-heading\"><strong>Combien de temps nous stockons les donn\u00e9es personnelles<\/strong><\/h4><p>Les donn\u00e9es des utilisateurs seront conserv\u00e9es pour une dur\u00e9e de 5 ans.<\/p><p>Nous veillerons \u00e0 ce que les utilisateurs soient avis\u00e9s si leurs donn\u00e9es sont conserv\u00e9es plus longtemps que cette dur\u00e9e.<\/p><h4 class=\"wp-block-heading\"><strong>Comment nous prot\u00e9geons vos donn\u00e9es personnelles<\/strong><\/h4><p>Afin d&rsquo;assurer la protection de votre s\u00e9curit\u00e9, nous utilisons le protocole de s\u00e9curit\u00e9 de la couche transport pour transmettre des renseignements personnels dans notre syst\u00e8me.<\/p><p>Toutes les donn\u00e9es stock\u00e9es dans notre syst\u00e8me sont bien s\u00e9curis\u00e9es et ne sont accessibles qu&rsquo;\u00e0 nos employ\u00e9s. Nos employ\u00e9s sont li\u00e9s par des accords de confidentialit\u00e9 stricts et une violation de ces accords entra\u00eenerait le licenciement de l&#8217;employ\u00e9.<\/p><p>Alors que nous prenons toutes les pr\u00e9cautions raisonnables pour nous assurer que nos donn\u00e9es d&rsquo;utilisateur sont s\u00e9curis\u00e9es et que les utilisateurs sont prot\u00e9g\u00e9s, il reste toujours du risque de pr\u00e9judice. L&rsquo;Internet en sa totalit\u00e9 peut \u00eatre, parfois, peu s\u00fbr et donc nous sommes incapables de garantir la s\u00e9curit\u00e9 des donn\u00e9es des utilisateurs au-del\u00e0 de ce qui est raisonnablement pratique.<\/p><h4 class=\"wp-block-heading\"><strong>Transferts internationaux de donn\u00e9es<\/strong><\/h4><p>Les donn\u00e9es utilisateur peuvent \u00eatre consult\u00e9es, trait\u00e9es ou collect\u00e9es en Europe et aux \u00c9tats-Unis.<\/p><h4 class=\"wp-block-heading\"><strong>Mineurs<\/strong><\/h4><p>Le RGPD pr\u00e9cise que les personnes de moins de 15 ans sont consid\u00e9r\u00e9es comme des mineurs aux fins de la collecte de donn\u00e9es. Les mineurs doivent avoir le consentement d&rsquo;un repr\u00e9sentant l\u00e9gal pour que leurs donn\u00e9es soient recueillies, trait\u00e9es et utilis\u00e9es.<\/p><h4 class=\"wp-block-heading\"><strong>Vos droits en tant qu&rsquo;utilisateur<\/strong><\/h4><p>En vertu du RGPD, les utilisateurs ont les droits suivants en tant que personnes concern\u00e9es:<\/p><ul><li>Droit d&rsquo;acc\u00e8s<\/li>\n\n<li>Droit de rectification<\/li>\n\n<li>Droit \u00e0 l&rsquo;effacement<\/li>\n\n<li>Droit de restreindre le traitement<\/li>\n\n<li>Droit \u00e0 la portabilit\u00e9 des donn\u00e9es<\/li>\n\n<li>Droit d&rsquo;objection<\/li><\/ul><p>Vous trouverez de plus amples informations sur ces droits au chapitre 3 (art 12-23) du RGPD.<\/p><h4 class=\"wp-block-heading\"><strong>Comment modifier, supprimer ou contester les donn\u00e9es recueillies<\/strong><\/h4><p>Si vous souhaitez que vos renseignements soient supprim\u00e9s ou modifi\u00e9s d&rsquo;une fa\u00e7on ou d&rsquo;une autre, veuillez communiquer avec l&rsquo;agent de protection de la vie priv\u00e9e ici:<\/p><p>Isabelle Pellini<\/p><p>Raison sociale: NIV <\/p><p>par mail : lefondantfr@hotmail.com<\/p><p>par t\u00e9l\u00e9phone : +33609374569<\/p><h4 class=\"wp-block-heading\"><strong>Politique sur les cookies<\/strong><\/h4><p>Un cookie est un petit fichier, stock\u00e9 sur le disque dur d&rsquo;un utilisateur par le site Web. Son but est de recueillir des donn\u00e9es relatives aux habitudes de navigation de l&rsquo;utilisateur.<\/p><p>Nous utilisons les types de cookies suivants sur notre site:<\/p><p><strong>Cookies n\u00e9cessaires<\/strong><\/p><p>Ces cookies assurent le fonctionnement correct de notre site web et ne peuvent \u00eatre d\u00e9sactiv\u00e9s. Ils sont ainsi g\u00e9n\u00e9r\u00e9s en r\u00e9ponse \u00e0 vos diff\u00e9rentes actions, telles que choix de la langue, devise, identification de login. Vous pouvez d\u00e9sactiver ces cookies mais cela affectera votre exp\u00e9rience de navigation.<\/p><p><strong>Statistiques<\/strong><\/p><p>Ces cookies nous permettent d&rsquo;optimiser l&rsquo;exp\u00e9rience utilisateur en nous donnant acc\u00e8s aux informations sur l&rsquo;utilisation de notre site.<\/p><p>&nbsp;<strong>Marketing\/Suivi<\/strong><\/p><p>Les cookies de marketing\/suivi sont des cookies ou toute autre forme de stockage local, utilis\u00e9s pour cr\u00e9er des profils d\u2019utilisateurs afin d\u2019afficher de la publicit\u00e9 ou de suivre l\u2019utilisateur sur ce site web ou sur plusieurs sites web dans des finalit\u00e9s marketing similaires.<\/p><p><strong>Fonctionnels<\/strong><\/p><p>Ces cookies assurent le fonctionnement correct de notre site web et la prise en compte de vos pr\u00e9f\u00e9rences en tant qu\u2019utilisateur. En pla\u00e7ant des cookies fonctionnels, nous vous facilitons la visite de notre site web. Ainsi, vous n\u2019avez pas besoin de saisir \u00e0 plusieurs reprises les m\u00eames informations lors de la visite de notre site web, et, par exemple, les \u00e9l\u00e9ments restent dans votre panier jusqu\u2019\u00e0 votre paiement. Nous pouvons placer ces cookies sans votre consentement.<\/p><p>Vous pouvez choisir d&rsquo;\u00eatre averti \u00e0 chaque fois qu&rsquo;un cookie est transmis. Vous pouvez \u00e9galement choisir de d\u00e9sactiver les cookies enti\u00e8rement dans votre navigateur Internet, mais cela peut diminuer la qualit\u00e9 de votre exp\u00e9rience d&rsquo;utilisation.<\/p><h4 class=\"wp-block-heading\"><strong>Cookies tiers<\/strong><\/h4><p>Nous pouvons utiliser des cookies tiers sur notre site pour atteindre les objectifs suivants :<\/p><ul><li>Surveiller les pr\u00e9f\u00e9rences des utilisateurs pour adapter les publicit\u00e9s autour de leurs int\u00e9r\u00eats.<\/li>\n\n<li>Stocker les pr\u00e9f\u00e9rences linguistiques du client ou d&rsquo;autres param\u00e8tres afin qu&rsquo;ils ne soient pas \u00e0 configurer \u00e0 chaque visite.<\/li><\/ul><h4 class=\"wp-block-heading\"><strong>Modifications<\/strong><\/h4><p>Ces politiques de confidentialit\u00e9 peuvent \u00eatre modifi\u00e9es \u00e0 l&rsquo;occasion afin de les maintenir en conformit\u00e9 avec la loi et de tenir compte de changement \u00e0 notre processus de collecte de donn\u00e9es. Nous recommandons \u00e0 nos utilisateurs de v\u00e9rifier nos politiques de temps en temps pour s&rsquo;assurer qu&rsquo;ils soient inform\u00e9s de toute mise \u00e0 jour. Au besoin, nous pouvons informer les utilisateurs par courriel des changements apport\u00e9s \u00e0 ces politiques.<\/p><h4 class=\"wp-block-heading\"><strong>Contact<\/strong><\/h4><p>Si vous avez des questions \u00e0 nous poser, n&rsquo;h\u00e9sitez pas \u00e0 communiquer avec nous via la bo\u00eete de dialogue pr\u00e9vue \u00e0 cet effet ou par mail:<\/p><p>lefondantfr@hotmail.com<\/p>","protected":false},"excerpt":{"rendered":"<p>Qui sommes-nous&nbsp;? L\u2019adresse de notre site est\u00a0: https:\/\/frenchyfondant.fr. Politiques de confidentialit\u00e9 En vigueur au 16 mars 2022 Le but&nbsp;de ces politiques de confidentialit\u00e9 Nous vous invitons \u00e0 lire nos politiques de confidentialit\u00e9 attentivement. N&rsquo;h\u00e9sitez pas \u00e0 nous contacter si des questions subsistent. Le but de ces politiques de confidentialit\u00e9 est d&rsquo;informer les utilisateurs de notre site des donn\u00e9es personnelles que nous recueillerons ainsi que les informations suivantes, le cas \u00e9ch\u00e9ant: Ces politiques de confidentialit\u00e9 fonctionnent parall\u00e8lement aux conditions g\u00e9n\u00e9rales de ventes et d&rsquo;utilisation de notre site. Lois applicables Conform\u00e9ment au R\u00e8glement g\u00e9n\u00e9ral sur la protection des donn\u00e9es (RGPD), ces politiques de confidentialit\u00e9 sont conformes aux r\u00e8glements suivants. Les donn\u00e9es \u00e0 caract\u00e8re personnel doivent \u00eatre: Le traitement n&rsquo;est licite&hellip;<\/p>\n","protected":false},"author":1,"featured_media":0,"parent":0,"menu_order":0,"comment_status":"closed","ping_status":"open","template":"","meta":{"om_disable_all_campaigns":false,"_monsterinsights_skip_tracking":false,"_monsterinsights_sitenote_active":false,"_monsterinsights_sitenote_note":"","_monsterinsights_sitenote_category":0,"footnotes":""},"aioseo_notices":[],"jetpack_sharing_enabled":true,"_links":{"self":[{"href":"https:\/\/frenchyfondant.fr\/index.php?rest_route=\/wp\/v2\/pages\/3"}],"collection":[{"href":"https:\/\/frenchyfondant.fr\/index.php?rest_route=\/wp\/v2\/pages"}],"about":[{"href":"https:\/\/frenchyfondant.fr\/index.php?rest_route=\/wp\/v2\/types\/page"}],"author":[{"embeddable":true,"href":"https:\/\/frenchyfondant.fr\/index.php?rest_route=\/wp\/v2\/users\/1"}],"replies":[{"embeddable":true,"href":"https:\/\/frenchyfondant.fr\/index.php?rest_route=%2Fwp%2Fv2%2Fcomments&post=3"}],"version-history":[{"count":2,"href":"https:\/\/frenchyfondant.fr\/index.php?rest_route=\/wp\/v2\/pages\/3\/revisions"}],"predecessor-version":[{"id":1165,"href":"https:\/\/frenchyfondant.fr\/index.php?rest_route=\/wp\/v2\/pages\/3\/revisions\/1165"}],"wp:attachment":[{"href":"https:\/\/frenchyfondant.fr\/index.php?rest_route=%2Fwp%2Fv2%2Fmedia&parent=3"}],"curies":[{"name":"wp","href":"https:\/\/api.w.org\/{rel}","templated":true}]}}